{"id":257,"date":"2025-11-29T20:28:12","date_gmt":"2025-11-29T20:28:12","guid":{"rendered":"https:\/\/phophin.mymode.io.vn\/?page_id=257"},"modified":"2025-12-11T04:20:13","modified_gmt":"2025-12-11T04:20:13","slug":"tuyen-dung","status":"publish","type":"page","link":"https:\/\/phinsaigon.com\/vi\/tuyen-dung\/","title":{"rendered":"TUY\u1ec2N D\u1ee4NG"},"content":{"rendered":"<div data-elementor-type=\"wp-page\" data-elementor-id=\"257\" class=\"elementor elementor-257\" data-elementor-post-type=\"page\">\n\t\t\t\t<div class=\"elementor-element elementor-element-85eebcc e-con-full e-flex e-con e-parent\" data-id=\"85eebcc\" data-element_type=\"container\" data-settings=\"{&quot;background_background&quot;:&quot;classic&quot;}\">\n\t\t\t\t<div class=\"elementor-element elementor-element-6ca465f elementor-widget elementor-widget-hfe-breadcrumbs-widget\" data-id=\"6ca465f\" data-element_type=\"widget\" data-widget_type=\"hfe-breadcrumbs-widget.default\">\n\t\t\t\t<div class=\"elementor-widget-container\">\n\t\t\t\t\t<nav aria-label=\"Breadcrumb\"><ul class=\"hfe-breadcrumbs hfe-breadcrumbs-show-home\"><li class=\"hfe-breadcrumbs-item hfe-breadcrumbs-first\"><span class=\"hfe-breadcrumbs-home-icon\"><\/span><a href=\"https:\/\/phinsaigon.com\/vi\"><span class=\"hfe-breadcrumbs-text\">TRANG CH\u1ee6<\/span><\/a><\/li><\/ul><\/nav>\t\t\t\t<\/div>\n\t\t\t\t<\/div>\n\t\t\t\t<div class=\"elementor-element elementor-element-65b9bf1 elementor-widget elementor-widget-heading\" data-id=\"65b9bf1\" data-element_type=\"widget\" data-widget_type=\"heading.default\">\n\t\t\t\t\t<h2 class=\"elementor-heading-title elementor-size-default\">Th\u00f4ng tin tuy\u1ec3n d\u1ee5ng<\/h2>\t\t\t\t<\/div>\n\t\t\t\t<div class=\"elementor-element elementor-element-5f1a0aa elementor-widget elementor-widget-text-editor\" data-id=\"5f1a0aa\" data-element_type=\"widget\" data-widget_type=\"text-editor.default\">\n\t\t\t\t\t\t\t\t\t<p>D\u00e0nh cho c\u00e1c b\u00e0i vi\u1ebft v\u1ec1 C\u00e0 ph\u00ea, v\u0103n h\u00f3a c\u00e0 ph\u00ea, m\u1eb9o pha ch\u1ebf.<\/p>\t\t\t\t\t\t\t\t<\/div>\n\t\t<div class=\"elementor-element elementor-element-6de85ed e-con-full e-flex e-con e-child\" data-id=\"6de85ed\" data-element_type=\"container\">\n\t\t\t\t<div class=\"elementor-element elementor-element-e63f695 elementor-grid-eael-col-3 elementor-grid-tablet-eael-col-2 elementor-grid-mobile-eael-col-1 elementor-widget elementor-widget-eael-post-grid\" data-id=\"e63f695\" data-element_type=\"widget\" data-settings=\"{&quot;eael_post_grid_columns&quot;:&quot;eael-col-3&quot;,&quot;eael_post_grid_columns_tablet&quot;:&quot;eael-col-2&quot;,&quot;eael_post_grid_columns_mobile&quot;:&quot;eael-col-1&quot;}\" data-widget_type=\"eael-post-grid.default\">\n\t\t\t\t\t<div id=\"eael-post-grid-e63f695\" class=\"eael-post-grid-container\">\n            <div class=\"eael-post-grid eael-post-appender eael-post-appender-e63f695 eael-post-grid-style-default\" data-layout-mode=\"masonry\"><article class=\"eael-grid-post eael-post-grid-column\" data-id=\"127\">\n        <div class=\"eael-grid-post-holder\">\n            <div class=\"eael-grid-post-holder-inner\"><div class=\"eael-entry-wrapper\"><header class=\"eael-entry-header\"><h2 class=\"eael-entry-title\"><a\n                        class=\"eael-grid-post-link\"\n                        href=\"https:\/\/phinsaigon.com\/vi\/bai-tuyen-dung-1\/\"\n                        title=\"B\u00e0i tuy\u1ec3n d\u1ee5ng 1\">B\u00e0i tuy\u1ec3n d\u1ee5ng 1<\/a><\/h2><\/header><div class=\"eael-entry-content\">\n                        <div class=\"eael-grid-post-excerpt\"><p>N\u1ed9i dung b\u00e0i tuy\u1ec3n d\u1ee5ng 1<\/p><a href=\"https:\/\/phinsaigon.com\/vi\/bai-tuyen-dung-1\/\" class=\"eael-post-elements-readmore-btn\">XEM CHI TI\u1ebeT<\/a><\/div>\n                    <\/div><div class=\"eael-entry-footer\"><div class=\"eael-entry-meta\"><span class=\"eael-posted-by\"><a href=\"https:\/\/phinsaigon.com\/vi\/author\/admin\/\" title=\"Posts by admin\" rel=\"author\">admin<\/a><\/span><span class=\"eael-posted-on\"><time datetime=\"29 Th\u00e1ng m\u01b0\u1eddi m\u1ed9t, 2025\">29 Th\u00e1ng m\u01b0\u1eddi m\u1ed9t, 2025<\/time><\/span><\/div><\/div><\/div><div class=\"eael-entry-media\"><div class=\"eael-entry-overlay fade-in\"><i class=\"\" aria-hidden=\"true\"><\/i><a href=\"https:\/\/phinsaigon.com\/vi\/bai-tuyen-dung-1\/\"><\/a><\/div><div class=\"eael-entry-thumbnail\">\n                <img fetchpriority=\"high\" decoding=\"async\" width=\"300\" height=\"200\" src=\"https:\/\/phinsaigon.com\/wp-content\/uploads\/2025\/11\/38364035c3fcb7c4b6a3e6916d0c3b3b95eee040-300x200.png\" class=\"attachment-medium size-medium wp-image-76\" alt=\"\" srcset=\"https:\/\/phinsaigon.com\/wp-content\/uploads\/2025\/11\/38364035c3fcb7c4b6a3e6916d0c3b3b95eee040-300x200.png 300w, https:\/\/phinsaigon.com\/wp-content\/uploads\/2025\/11\/38364035c3fcb7c4b6a3e6916d0c3b3b95eee040-1024x682.png 1024w, https:\/\/phinsaigon.com\/wp-content\/uploads\/2025\/11\/38364035c3fcb7c4b6a3e6916d0c3b3b95eee040-768x512.png 768w, https:\/\/phinsaigon.com\/wp-content\/uploads\/2025\/11\/38364035c3fcb7c4b6a3e6916d0c3b3b95eee040-18x12.png 18w, https:\/\/phinsaigon.com\/wp-content\/uploads\/2025\/11\/38364035c3fcb7c4b6a3e6916d0c3b3b95eee040.png 1280w\" sizes=\"(max-width: 300px) 100vw, 300px\" \/>\n            <\/div>\n        <\/div><\/div>\n        <\/div>\n    <\/article><\/div>\n            <div class=\"clearfix\"><\/div>\n        <\/div>\t\t\t\t<\/div>\n\t\t\t\t<\/div>\n\t\t\t\t<\/div>\n\t\t\t\t<\/div>","protected":false},"excerpt":{"rendered":"<p>TRANG CH\u1ee6 Th\u00f4ng tin tuy\u1ec3n d\u1ee5ng D\u00e0nh cho c\u00e1c b\u00e0i vi\u1ebft v\u1ec1 C\u00e0 ph\u00ea, v\u0103n h\u00f3a c\u00e0 ph\u00ea, m\u1eb9o pha [&hellip;]<\/p>","protected":false},"author":1,"featured_media":0,"parent":0,"menu_order":0,"comment_status":"closed","ping_status":"closed","template":"","meta":{"site-sidebar-layout":"no-sidebar","site-content-layout":"","ast-site-content-layout":"full-width-container","site-content-style":"default","site-sidebar-style":"default","ast-global-header-display":"","ast-banner-title-visibility":"","ast-main-header-display":"","ast-hfb-above-header-display":"","ast-hfb-below-header-display":"","ast-hfb-mobile-header-display":"","site-post-title":"","ast-breadcrumbs-content":"","ast-featured-img":"disabled","footer-sml-layout":"","theme-transparent-header-meta":"default","adv-header-id-meta":"","stick-header-meta":"","header-above-stick-meta":"","header-main-stick-meta":"","header-below-stick-meta":"","astra-migrate-meta-layouts":"set","ast-page-background-enabled":"default","ast-page-background-meta":{"desktop":{"background-color":"var(--ast-global-color-5)","background-image":"","background-repeat":"repeat","background-position":"center center","background-size":"auto","background-attachment":"scroll","background-type":"","background-media":"","overlay-type":"","overlay-color":"","overlay-opacity":"","overlay-gradient":""},"tablet":{"background-color":"","background-image":"","background-repeat":"repeat","background-position":"center center","background-size":"auto","background-attachment":"scroll","background-type":"","background-media":"","overlay-type":"","overlay-color":"","overlay-opacity":"","overlay-gradient":""},"mobile":{"background-color":"","background-image":"","background-repeat":"repeat","background-position":"center center","background-size":"auto","background-attachment":"scroll","background-type":"","background-media":"","overlay-type":"","overlay-color":"","overlay-opacity":"","overlay-gradient":""}},"ast-content-background-meta":{"desktop":{"background-color":"var(--ast-global-color-4)","background-image":"","background-repeat":"repeat","background-position":"center center","background-size":"auto","background-attachment":"scroll","background-type":"","background-media":"","overlay-type":"","overlay-color":"","overlay-opacity":"","overlay-gradient":""},"tablet":{"background-color":"var(--ast-global-color-4)","background-image":"","background-repeat":"repeat","background-position":"center center","background-size":"auto","background-attachment":"scroll","background-type":"","background-media":"","overlay-type":"","overlay-color":"","overlay-opacity":"","overlay-gradient":""},"mobile":{"background-color":"var(--ast-global-color-4)","background-image":"","background-repeat":"repeat","background-position":"center center","background-size":"auto","background-attachment":"scroll","background-type":"","background-media":"","overlay-type":"","overlay-color":"","overlay-opacity":"","overlay-gradient":""}},"footnotes":""},"class_list":["post-257","page","type-page","status-publish","hentry"],"yoast_head":"<!-- This site is optimized with the Yoast SEO plugin v26.6 - https:\/\/yoast.com\/wordpress\/plugins\/seo\/ -->\n<title>TUY\u1ec2N D\u1ee4NG - Phin S\u00e0i G\u00f2n<\/title>\n<meta name=\"robots\" content=\"noindex, follow, max-snippet:-1, max-image-preview:large, max-video-preview:-1\" \/>\n<meta property=\"og:locale\" content=\"vi_VN\" \/>\n<meta property=\"og:type\" content=\"article\" \/>\n<meta property=\"og:title\" content=\"TUY\u1ec2N D\u1ee4NG - Phin S\u00e0i G\u00f2n\" \/>\n<meta property=\"og:description\" content=\"TRANG CH\u1ee6 Th\u00f4ng tin tuy\u1ec3n d\u1ee5ng D\u00e0nh cho c\u00e1c b\u00e0i vi\u1ebft v\u1ec1 C\u00e0 ph\u00ea, v\u0103n h\u00f3a c\u00e0 ph\u00ea, m\u1eb9o pha [&hellip;]\" \/>\n<meta property=\"og:url\" content=\"https:\/\/phinsaigon.com\/vi\/tuyen-dung\/\" \/>\n<meta property=\"og:site_name\" content=\"Phin S\u00e0i G\u00f2n\" \/>\n<meta property=\"article:publisher\" content=\"https:\/\/www.facebook.com\/phinsaigon.vietnam\" \/>\n<meta property=\"article:modified_time\" content=\"2025-12-11T04:20:13+00:00\" \/>\n<meta property=\"og:image\" content=\"https:\/\/phinsaigon.com\/wp-content\/uploads\/2025\/11\/38364035c3fcb7c4b6a3e6916d0c3b3b95eee040.png\" \/>\n\t<meta property=\"og:image:width\" content=\"1280\" \/>\n\t<meta property=\"og:image:height\" content=\"853\" \/>\n\t<meta property=\"og:image:type\" content=\"image\/png\" \/>\n<meta name=\"twitter:card\" content=\"summary_large_image\" \/>\n<script type=\"application\/ld+json\" class=\"yoast-schema-graph\">{\"@context\":\"https:\/\/schema.org\",\"@graph\":[{\"@type\":\"WebPage\",\"@id\":\"https:\/\/phinsaigon.com\/tuyen-dung\/\",\"url\":\"https:\/\/phinsaigon.com\/tuyen-dung\/\",\"name\":\"TUY\u1ec2N D\u1ee4NG - Phin S\u00e0i G\u00f2n\",\"isPartOf\":{\"@id\":\"https:\/\/phinsaigon.com\/#website\"},\"primaryImageOfPage\":{\"@id\":\"https:\/\/phinsaigon.com\/tuyen-dung\/#primaryimage\"},\"image\":{\"@id\":\"https:\/\/phinsaigon.com\/tuyen-dung\/#primaryimage\"},\"thumbnailUrl\":\"https:\/\/phinsaigon.com\/wp-content\/uploads\/2025\/11\/38364035c3fcb7c4b6a3e6916d0c3b3b95eee040-300x200.png\",\"datePublished\":\"2025-11-29T20:28:12+00:00\",\"dateModified\":\"2025-12-11T04:20:13+00:00\",\"breadcrumb\":{\"@id\":\"https:\/\/phinsaigon.com\/tuyen-dung\/#breadcrumb\"},\"inLanguage\":\"vi\",\"potentialAction\":[{\"@type\":\"ReadAction\",\"target\":[\"https:\/\/phinsaigon.com\/tuyen-dung\/\"]}]},{\"@type\":\"ImageObject\",\"inLanguage\":\"vi\",\"@id\":\"https:\/\/phinsaigon.com\/tuyen-dung\/#primaryimage\",\"url\":\"https:\/\/phinsaigon.com\/wp-content\/uploads\/2025\/11\/38364035c3fcb7c4b6a3e6916d0c3b3b95eee040-300x200.png\",\"contentUrl\":\"https:\/\/phinsaigon.com\/wp-content\/uploads\/2025\/11\/38364035c3fcb7c4b6a3e6916d0c3b3b95eee040-300x200.png\"},{\"@type\":\"BreadcrumbList\",\"@id\":\"https:\/\/phinsaigon.com\/tuyen-dung\/#breadcrumb\",\"itemListElement\":[{\"@type\":\"ListItem\",\"position\":1,\"name\":\"Home\",\"item\":\"https:\/\/phinsaigon.com\/\"},{\"@type\":\"ListItem\",\"position\":2,\"name\":\"TUY\u1ec2N D\u1ee4NG\"}]},{\"@type\":\"WebSite\",\"@id\":\"https:\/\/phinsaigon.com\/#website\",\"url\":\"https:\/\/phinsaigon.com\/\",\"name\":\"Phin S\u00e0i G\u00f2n\",\"description\":\"\",\"publisher\":{\"@id\":\"https:\/\/phinsaigon.com\/#organization\"},\"potentialAction\":[{\"@type\":\"SearchAction\",\"target\":{\"@type\":\"EntryPoint\",\"urlTemplate\":\"https:\/\/phinsaigon.com\/?s={search_term_string}\"},\"query-input\":{\"@type\":\"PropertyValueSpecification\",\"valueRequired\":true,\"valueName\":\"search_term_string\"}}],\"inLanguage\":\"vi\"},{\"@type\":\"Organization\",\"@id\":\"https:\/\/phinsaigon.com\/#organization\",\"name\":\"Phin S\u00e0i G\u00f2n\",\"url\":\"https:\/\/phinsaigon.com\/\",\"logo\":{\"@type\":\"ImageObject\",\"inLanguage\":\"vi\",\"@id\":\"https:\/\/phinsaigon.com\/#\/schema\/logo\/image\/\",\"url\":\"https:\/\/phinsaigon.com\/wp-content\/uploads\/2025\/11\/logo-pho-1.png\",\"contentUrl\":\"https:\/\/phinsaigon.com\/wp-content\/uploads\/2025\/11\/logo-pho-1.png\",\"width\":95,\"height\":80,\"caption\":\"Phin S\u00e0i G\u00f2n\"},\"image\":{\"@id\":\"https:\/\/phinsaigon.com\/#\/schema\/logo\/image\/\"},\"sameAs\":[\"https:\/\/www.facebook.com\/phinsaigon.vietnam\",\"https:\/\/zalo.me\/0782079179\"]}]}<\/script>\n<!-- \/ Yoast SEO plugin. -->","yoast_head_json":{"title":"TUY\u1ec2N D\u1ee4NG - Phin S\u00e0i G\u00f2n","robots":{"index":"noindex","follow":"follow","max-snippet":"max-snippet:-1","max-image-preview":"max-image-preview:large","max-video-preview":"max-video-preview:-1"},"og_locale":"vi_VN","og_type":"article","og_title":"TUY\u1ec2N D\u1ee4NG - Phin S\u00e0i G\u00f2n","og_description":"TRANG CH\u1ee6 Th\u00f4ng tin tuy\u1ec3n d\u1ee5ng D\u00e0nh cho c\u00e1c b\u00e0i vi\u1ebft v\u1ec1 C\u00e0 ph\u00ea, v\u0103n h\u00f3a c\u00e0 ph\u00ea, m\u1eb9o pha [&hellip;]","og_url":"https:\/\/phinsaigon.com\/vi\/tuyen-dung\/","og_site_name":"Phin S\u00e0i G\u00f2n","article_publisher":"https:\/\/www.facebook.com\/phinsaigon.vietnam","article_modified_time":"2025-12-11T04:20:13+00:00","og_image":[{"width":1280,"height":853,"url":"https:\/\/phinsaigon.com\/wp-content\/uploads\/2025\/11\/38364035c3fcb7c4b6a3e6916d0c3b3b95eee040.png","type":"image\/png"}],"twitter_card":"summary_large_image","schema":{"@context":"https:\/\/schema.org","@graph":[{"@type":"WebPage","@id":"https:\/\/phinsaigon.com\/tuyen-dung\/","url":"https:\/\/phinsaigon.com\/tuyen-dung\/","name":"TUY\u1ec2N D\u1ee4NG - Phin S\u00e0i G\u00f2n","isPartOf":{"@id":"https:\/\/phinsaigon.com\/#website"},"primaryImageOfPage":{"@id":"https:\/\/phinsaigon.com\/tuyen-dung\/#primaryimage"},"image":{"@id":"https:\/\/phinsaigon.com\/tuyen-dung\/#primaryimage"},"thumbnailUrl":"https:\/\/phinsaigon.com\/wp-content\/uploads\/2025\/11\/38364035c3fcb7c4b6a3e6916d0c3b3b95eee040-300x200.png","datePublished":"2025-11-29T20:28:12+00:00","dateModified":"2025-12-11T04:20:13+00:00","breadcrumb":{"@id":"https:\/\/phinsaigon.com\/tuyen-dung\/#breadcrumb"},"inLanguage":"vi","potentialAction":[{"@type":"ReadAction","target":["https:\/\/phinsaigon.com\/tuyen-dung\/"]}]},{"@type":"ImageObject","inLanguage":"vi","@id":"https:\/\/phinsaigon.com\/tuyen-dung\/#primaryimage","url":"https:\/\/phinsaigon.com\/wp-content\/uploads\/2025\/11\/38364035c3fcb7c4b6a3e6916d0c3b3b95eee040-300x200.png","contentUrl":"https:\/\/phinsaigon.com\/wp-content\/uploads\/2025\/11\/38364035c3fcb7c4b6a3e6916d0c3b3b95eee040-300x200.png"},{"@type":"BreadcrumbList","@id":"https:\/\/phinsaigon.com\/tuyen-dung\/#breadcrumb","itemListElement":[{"@type":"ListItem","position":1,"name":"Home","item":"https:\/\/phinsaigon.com\/"},{"@type":"ListItem","position":2,"name":"TUY\u1ec2N D\u1ee4NG"}]},{"@type":"WebSite","@id":"https:\/\/phinsaigon.com\/#website","url":"https:\/\/phinsaigon.com\/","name":"Phin S\u00e0i G\u00f2n","description":"","publisher":{"@id":"https:\/\/phinsaigon.com\/#organization"},"potentialAction":[{"@type":"SearchAction","target":{"@type":"EntryPoint","urlTemplate":"https:\/\/phinsaigon.com\/?s={search_term_string}"},"query-input":{"@type":"PropertyValueSpecification","valueRequired":true,"valueName":"search_term_string"}}],"inLanguage":"vi"},{"@type":"Organization","@id":"https:\/\/phinsaigon.com\/#organization","name":"Phin S\u00e0i G\u00f2n","url":"https:\/\/phinsaigon.com\/","logo":{"@type":"ImageObject","inLanguage":"vi","@id":"https:\/\/phinsaigon.com\/#\/schema\/logo\/image\/","url":"https:\/\/phinsaigon.com\/wp-content\/uploads\/2025\/11\/logo-pho-1.png","contentUrl":"https:\/\/phinsaigon.com\/wp-content\/uploads\/2025\/11\/logo-pho-1.png","width":95,"height":80,"caption":"Phin S\u00e0i G\u00f2n"},"image":{"@id":"https:\/\/phinsaigon.com\/#\/schema\/logo\/image\/"},"sameAs":["https:\/\/www.facebook.com\/phinsaigon.vietnam","https:\/\/zalo.me\/0782079179"]}]}},"_links":{"self":[{"href":"https:\/\/phinsaigon.com\/vi\/wp-json\/wp\/v2\/pages\/257","targetHints":{"allow":["GET"]}}],"collection":[{"href":"https:\/\/phinsaigon.com\/vi\/wp-json\/wp\/v2\/pages"}],"about":[{"href":"https:\/\/phinsaigon.com\/vi\/wp-json\/wp\/v2\/types\/page"}],"author":[{"embeddable":true,"href":"https:\/\/phinsaigon.com\/vi\/wp-json\/wp\/v2\/users\/1"}],"replies":[{"embeddable":true,"href":"https:\/\/phinsaigon.com\/vi\/wp-json\/wp\/v2\/comments?post=257"}],"version-history":[{"count":37,"href":"https:\/\/phinsaigon.com\/vi\/wp-json\/wp\/v2\/pages\/257\/revisions"}],"predecessor-version":[{"id":705,"href":"https:\/\/phinsaigon.com\/vi\/wp-json\/wp\/v2\/pages\/257\/revisions\/705"}],"wp:attachment":[{"href":"https:\/\/phinsaigon.com\/vi\/wp-json\/wp\/v2\/media?parent=257"}],"curies":[{"name":"wp","href":"https:\/\/api.w.org\/{rel}","templated":true}]}}